{"id":133,"date":"2025-11-27T08:21:28","date_gmt":"2025-11-27T08:21:28","guid":{"rendered":"https:\/\/ddownloadpremium.com\/faqs\/"},"modified":"2026-01-09T07:45:37","modified_gmt":"2026-01-09T07:45:37","slug":"faqs","status":"publish","type":"page","link":"https:\/\/ddownloadpremium.com\/de\/faqs\/","title":{"rendered":"FAQs"},"content":{"rendered":"\n<p>Wenn Sie sich f\u00fcr Ddownload interessieren, finden Sie hier einige h\u00e4ufig gestellte Fragen, die Ihnen weiterhelfen k\u00f6nnen.<\/p>\n\n<p><strong>Bieten Sie ein Premium-Konto an?<\/strong><\/p>\n\n<p>Sie k\u00f6nnen ganz einfach ein Premium-Konto auf der Premium-Seite erwerben.<\/p>\n\n<p><strong>Wie verschiebt man Dateien von einem Ordner in einen anderen?<\/strong><\/p>\n\n<p>Es ist ziemlich einfach. Sie k\u00f6nnen eine Datei einfach in einen anderen Ordner ziehen. Sie k\u00f6nnen auch mehrere Dateien ausw\u00e4hlen und sie bearbeiten, um zu bestimmen, wohin Sie sie verschieben m\u00f6chten.<\/p>\n\n<p><strong>Kann ich die Dateien l\u00f6schen?<\/strong><\/p>\n\n<p>Falls Sie die Dateien l\u00f6schen m\u00f6chten, k\u00f6nnen Sie dies tun. Nach dem Hochladen erhalten Sie den Link zum L\u00f6schen zusammen mit Ihrem Upload-Link. Es ist sehr ratsam, sie zu behalten. Sollten Sie den Link jedoch versehentlich verlieren, k\u00f6nnen Sie einfach warten, bis er abl\u00e4uft, oder eine E-Mail an den Kundendienst schicken.<\/p>\n\n<p><strong>Was ist der Vorteil eines wiederkehrenden Abonnements?<\/strong><\/p>\n\n<p>Erstens werden Sie bei einem wiederkehrenden Abonnement automatisch belastet, nachdem Ihre Mitgliedschaft abgelaufen ist. Damit h\u00e4tten Sie ununterbrochenen Zugang, da Sie nicht jeden Monat ein Abonnement abschlie\u00dfen m\u00fcssen. Wenn Ihnen das aber nicht gef\u00e4llt, k\u00f6nnen Sie es einfach in Ihrem Profil stornieren.<br\/>Beachten Sie, dass wiederkehrende Zahlungen nur f\u00fcr 30 Tage und 90 Tage gelten. Das bedeutet, dass Ihnen nach Ablauf der Testphase automatisch ein 30-t\u00e4giges Abonnement in Rechnung gestellt wird.<br\/>Bei Premium-Mitgliedschaften mit einer Laufzeit von 365 Tagen handelt es sich um eine einmalige Zahlung.  Falls Sie Ihr Abonnement jedoch k\u00fcndigen m\u00f6chten, k\u00f6nnen Sie dies ganz einfach tun. Sie k\u00f6nnen bis zum n\u00e4chsten Abrechnungsdatum weiterhin darauf zugreifen, aber danach wird Ihr Konto zu einem kostenlosen Konto herabgestuft, bis Sie f\u00fcr ein neues Abonnement bezahlen.<\/p>\n\n<p><strong>Kann ich Dateien kostenlos herunterladen?<\/strong><\/p>\n\n<p>Ganz genau. Sie k\u00f6nnen ganz einfach Dateien kostenlos herunterladen &#8211; egal ob Sie ein kostenloses oder ein Premium-Konto haben. Das Gute an einer Premium-Mitgliedschaft ist jedoch, dass es keine zeitlichen Beschr\u00e4nkungen gibt und die Downloads schnell sind. Diese k\u00f6nnen \u00fcber einen l\u00e4ngeren Zeitraum gelagert werden.<\/p>\n\n<p><strong>Welche Zahlungsm\u00f6glichkeiten gibt es?<\/strong><\/p>\n\n<p>Ddownload bietet verschiedene Zahlungsm\u00f6glichkeiten an, darunter Bitcoin, EWallet, Payza, Skill und viele mehr. Das bedeutet, dass Sie die Garantie haben, dass Ihre Daten gut gesch\u00fctzt sind.<\/p>\n\n<p><strong>Was kann man tun, wenn man sich nicht mehr an sein Passwort erinnern kann?<\/strong><\/p>\n\n<p>Falls Sie sich nicht mehr an Ihr Passwort erinnern k\u00f6nnen, k\u00f6nnen Sie es leicht wiederherstellen, indem Sie auf Passwort vergessen klicken und Ihre E-Mail-Adresse eintippen. Von hier aus erhalten Sie Anweisungen, wie Sie Ihr Passwort zur\u00fccksetzen k\u00f6nnen.<br\/>Falls Sie es in Ihrem Hauptordner nicht finden k\u00f6nnen, \u00fcberpr\u00fcfen Sie besser auch den SPAM-Ordner, da es dorthin umgeleitet worden sein k\u00f6nnte.<\/p>\n\n<p><strong>Wie lange werden die Dateien auf dem Server aufbewahrt?<\/strong><\/p>\n\n<p>Ihre Dateien werden 90 Tage lang nach dem letzten Download gespeichert, vorausgesetzt, Sie sind Premium-Mitglied. Wenn Sie hingegen ein registrierter Benutzer ohne Premium-Status sind, bleiben Ihre Dateien bis zu 30 Tage lang auf dem Server verf\u00fcgbar.<\/p>\n\n<p><strong>Welche Download-Manager sind geeignet?<\/strong><\/p>\n\n<p>Sie k\u00f6nnen verschiedene Beschleuniger verwenden, z. B. Speedget, Internet Download Manager, Jdownloader, FlashGet und viele andere.<\/p>\n\n<p><strong>Wie viel k\u00f6nnen Sie mit einem Premium-Konto herunterladen?<\/strong><\/p>\n\n<p>Sie k\u00f6nnen bis zu 100 GB pro Tag herunterladen, und nach der ersten Zahlung haben Sie 3000 GB pro Monat zum Herunterladen.<\/p>\n\n<div class=\"wp-block-buttons is-layout-flex wp-block-buttons-is-layout-flex\">\n<div class=\"wp-block-button\"><a class=\"wp-block-button__link wp-element-button\" href=\"\/go\">Zu Ddownload gehen<\/a><\/div>\n<\/div>\n\n<p><\/p>\n","protected":false},"excerpt":{"rendered":"<p>Wenn Sie sich f\u00fcr Ddownload interessieren, finden Sie hier einige h\u00e4ufig gestellte Fragen, die Ihnen weiterhelfen k\u00f6nnen. Bieten Sie ein Premium-Konto an? Sie k\u00f6nnen ganz einfach ein Premium-Konto auf der Premium-Seite erwerben. Wie verschiebt man Dateien von einem Ordner in einen anderen? Es ist ziemlich einfach. Sie k\u00f6nnen eine Datei einfach in einen anderen Ordner &#8230; <a title=\"FAQs\" class=\"read-more\" href=\"https:\/\/ddownloadpremium.com\/de\/faqs\/\" aria-label=\"Mehr Informationen \u00fcber FAQs\">Weiterlesen<\/a><\/p>\n","protected":false},"author":1,"featured_media":0,"parent":0,"menu_order":0,"comment_status":"closed","ping_status":"closed","template":"","meta":{"footnotes":""},"class_list":["post-133","page","type-page","status-publish"],"_links":{"self":[{"href":"https:\/\/ddownloadpremium.com\/de\/wp-json\/wp\/v2\/pages\/133","targetHints":{"allow":["GET"]}}],"collection":[{"href":"https:\/\/ddownloadpremium.com\/de\/wp-json\/wp\/v2\/pages"}],"about":[{"href":"https:\/\/ddownloadpremium.com\/de\/wp-json\/wp\/v2\/types\/page"}],"author":[{"embeddable":true,"href":"https:\/\/ddownloadpremium.com\/de\/wp-json\/wp\/v2\/users\/1"}],"replies":[{"embeddable":true,"href":"https:\/\/ddownloadpremium.com\/de\/wp-json\/wp\/v2\/comments?post=133"}],"version-history":[{"count":2,"href":"https:\/\/ddownloadpremium.com\/de\/wp-json\/wp\/v2\/pages\/133\/revisions"}],"predecessor-version":[{"id":373,"href":"https:\/\/ddownloadpremium.com\/de\/wp-json\/wp\/v2\/pages\/133\/revisions\/373"}],"wp:attachment":[{"href":"https:\/\/ddownloadpremium.com\/de\/wp-json\/wp\/v2\/media?parent=133"}],"curies":[{"name":"wp","href":"https:\/\/api.w.org\/{rel}","templated":true}]}}