{"id":154,"date":"2025-11-27T11:22:33","date_gmt":"2025-11-27T11:22:33","guid":{"rendered":"https:\/\/ddownloadpremium.com\/tochtergesellschaft\/"},"modified":"2025-11-27T12:09:11","modified_gmt":"2025-11-27T12:09:11","slug":"tochtergesellschaft","status":"publish","type":"page","link":"https:\/\/ddownloadpremium.com\/de\/tochtergesellschaft\/","title":{"rendered":"Tochtergesellschaft"},"content":{"rendered":"\n<p>Es l\u00e4sst sich nicht leugnen, dass das Webhosting in den letzten Jahren weiter gewachsen ist, und es gibt keine Anzeichen daf\u00fcr, dass dies in absehbarer Zeit aufh\u00f6ren wird. Da immer mehr Unternehmen in diesen Bereich einsteigen, ist es auch sehr lukrativ, ein Filehosting-Anbieter zu sein.<\/p>\n\n<p>Nicht nur das, Untersuchungen zeigen, dass mehr als 38 Millionen Menschen in den letzten Jahren beschlossen haben, eine Website f\u00fcr ihr Unternehmen zu erstellen, und das bedeutet, dass sie f\u00fcr eine Datei-Hosting-Anbieter, die ihnen erlauben w\u00fcrde, um ihre Dateien zu sichern suchen m\u00fcssen. Die Dinge sind einfacher geworden, denn es gibt viele, die einen solchen Service anbieten, und einer davon ist DDownload. In diesem Artikel werden wir die Vorteile besprechen, die Sie als DDownload-Partner genie\u00dfen k\u00f6nnen. <\/p>\n\n<p><strong>Warum Sie ein Partner sein sollten<\/strong><\/p>\n\n<p>Wer m\u00f6chte nicht gerne etwas umsonst haben? Es gibt nichts Sch\u00f6neres, als das Programm, das einem gef\u00e4llt, kostenlos nutzen zu k\u00f6nnen. Als Partner k\u00f6nnen Sie zwar immer noch kein kostenloses Premium-DDownload-Konto erhalten, aber das Geld, das Sie mit der Werbung f\u00fcr die Website verdienen, k\u00f6nnen Sie verwenden, um den Plan kostenlos zu erhalten, und Sie haben noch einige andere Dinge.<\/p>\n\n<p><strong>Die M\u00f6glichkeit, durch Partner zu verdienen<\/strong><\/p>\n\n<p>Als Nutzer eines DDownload-Premium-Kontos haben Sie die M\u00f6glichkeit, Ihre Dateien mehr als 90 Tage lang zu speichern, und das bedeutet, dass Sie auch daran verdienen, wenn eine Datei hochgeladen wird. Bei jedem Premium-Verkauf erhalten Sie 50% des Umsatzes, und das ist ein ziemlich anst\u00e4ndiger Betrag. Und nicht nur das, es gibt noch weitere Vorteile, die Sie sp\u00e4ter noch kennenlernen werden.   Au\u00dferdem k\u00f6nnen die Links, die auf die Datei gesetzt werden, auch als verweisbare Links verwendet werden, was neuen Partnern 10 % ihres Einkommens einbringen w\u00fcrde, w\u00e4hrend ein von einem Nutzer geworbener Partner auch 2 % seines Verkaufs verdienen k\u00f6nnte.<\/p>\n\n<p>Wie bereits erw\u00e4hnt, handelt es sich bei dem Link, den Sie erhalten, um einen Empfehlungslink, und wenn der Benutzer ihn verwendet, um eine Datei von der Website herunterzuladen, dann wird er automatisch zum &#8222;Nachf\u00fcller&#8220; des Benutzers. Dies bedeutet lediglich, dass Sie Geld verdienen k\u00f6nnen und gleichzeitig das Tool nutzen k\u00f6nnen.<\/p>\n\n<p><strong>Unbegrenztes Geldverdienen f\u00fcr Sie zum Genie\u00dfen<\/strong><\/p>\n\n<p>Das Tolle an DDownload ist, dass es keine Obergrenze f\u00fcr Ihre Affiliate-Provisionen gibt. Das hei\u00dft, Sie k\u00f6nnen so viele Leute werben, wie Sie k\u00f6nnen, und so viel Provision erhalten, wie Sie verdienen k\u00f6nnen. <\/p>\n\n<p>Au\u00dferdem ist eine hochmoderne Technologie integriert, die es dem Benutzer erm\u00f6glicht, die erzielten Einnahmen sowie die Anzahl der erfolgreichen \u00dcberweisungen einfach zu verfolgen und zu \u00fcberwachen. Das bedeutet, dass Sie nie im Unklaren dar\u00fcber gelassen werden, wie viel Sie mit dem Programm verdienen. <\/p>\n\n<p><strong>Marketingmaterialien sind erstklassig<\/strong><\/p>\n\n<p>Sie bieten eine Vielzahl von gebrauchsfertigen, attraktiven Bannern, Textanzeigen, E-Mail-Links und dergleichen, die Ihnen helfen, mehr Besucher anzuziehen. Sie m\u00fcssen lediglich ein Marketingmaterial ausw\u00e4hlen, das am besten zu Ihnen passt, und schon k\u00f6nnen Sie den Filehosting-Anbieter so gut wie m\u00f6glich bewerben.<\/p>\n\n<figure class=\"wp-block-image size-large\"><img loading=\"lazy\" decoding=\"async\" width=\"1024\" height=\"410\" src=\"https:\/\/spcdn.shortpixel.ai\/spio\/ret_img,q_cdnize,to_webp,s_webp\/ddownloadpremium.com\/wp-content\/uploads\/2025\/11\/ddownload-affiliate-1024x410.webp\" alt=\"\" class=\"wp-image-17\" srcset=\"https:\/\/spcdn.shortpixel.ai\/spio\/ret_img,q_cdnize,to_webp,s_webp\/ddownloadpremium.com\/wp-content\/uploads\/2025\/11\/ddownload-affiliate-1024x410.webp 1024w, https:\/\/spcdn.shortpixel.ai\/spio\/ret_img,q_cdnize,to_webp,s_webp\/ddownloadpremium.com\/wp-content\/uploads\/2025\/11\/ddownload-affiliate-300x120.webp 300w, https:\/\/spcdn.shortpixel.ai\/spio\/ret_img,q_cdnize,to_webp,s_webp\/ddownloadpremium.com\/wp-content\/uploads\/2025\/11\/ddownload-affiliate-768x307.webp 768w, https:\/\/spcdn.shortpixel.ai\/spio\/ret_img,q_cdnize,to_webp,s_webp\/ddownloadpremium.com\/wp-content\/uploads\/2025\/11\/ddownload-affiliate-1536x615.webp 1536w, https:\/\/spcdn.shortpixel.ai\/spio\/ret_img,q_cdnize,to_webp,s_webp\/ddownloadpremium.com\/wp-content\/uploads\/2025\/11\/ddownload-affiliate-2048x820.webp 2048w\" sizes=\"auto, (max-width: 1024px) 100vw, 1024px\" \/><\/figure>\n","protected":false},"excerpt":{"rendered":"<p>Es l\u00e4sst sich nicht leugnen, dass das Webhosting in den letzten Jahren weiter gewachsen ist, und es gibt keine Anzeichen daf\u00fcr, dass dies in absehbarer Zeit aufh\u00f6ren wird. Da immer mehr Unternehmen in diesen Bereich einsteigen, ist es auch sehr lukrativ, ein Filehosting-Anbieter zu sein. Nicht nur das, Untersuchungen zeigen, dass mehr als 38 Millionen &#8230; <a title=\"Tochtergesellschaft\" class=\"read-more\" href=\"https:\/\/ddownloadpremium.com\/de\/tochtergesellschaft\/\" aria-label=\"Mehr Informationen \u00fcber Tochtergesellschaft\">Weiterlesen<\/a><\/p>\n","protected":false},"author":1,"featured_media":0,"parent":0,"menu_order":0,"comment_status":"closed","ping_status":"closed","template":"","meta":{"footnotes":""},"class_list":["post-154","page","type-page","status-publish"],"_links":{"self":[{"href":"https:\/\/ddownloadpremium.com\/de\/wp-json\/wp\/v2\/pages\/154","targetHints":{"allow":["GET"]}}],"collection":[{"href":"https:\/\/ddownloadpremium.com\/de\/wp-json\/wp\/v2\/pages"}],"about":[{"href":"https:\/\/ddownloadpremium.com\/de\/wp-json\/wp\/v2\/types\/page"}],"author":[{"embeddable":true,"href":"https:\/\/ddownloadpremium.com\/de\/wp-json\/wp\/v2\/users\/1"}],"replies":[{"embeddable":true,"href":"https:\/\/ddownloadpremium.com\/de\/wp-json\/wp\/v2\/comments?post=154"}],"version-history":[{"count":0,"href":"https:\/\/ddownloadpremium.com\/de\/wp-json\/wp\/v2\/pages\/154\/revisions"}],"wp:attachment":[{"href":"https:\/\/ddownloadpremium.com\/de\/wp-json\/wp\/v2\/media?parent=154"}],"curies":[{"name":"wp","href":"https:\/\/api.w.org\/{rel}","templated":true}]}}