{"id":164,"date":"2025-11-27T11:26:25","date_gmt":"2025-11-27T11:26:25","guid":{"rendered":"https:\/\/ddownloadpremium.com\/nutzungsbedingungen\/"},"modified":"2025-11-27T12:09:16","modified_gmt":"2025-11-27T12:09:16","slug":"nutzungsbedingungen","status":"publish","type":"page","link":"https:\/\/ddownloadpremium.com\/de\/nutzungsbedingungen\/","title":{"rendered":"Nutzungsbedingungen"},"content":{"rendered":"\n<p>Diese Website enth\u00e4lt Links zu anderen Websites, die anderen Unternehmen geh\u00f6ren.<br\/>Wenn Sie diese Websites besuchen, m\u00fcssen Sie deren Regeln befolgen. Wir haben keine Kontrolle \u00fcber diese Websites und sind nicht f\u00fcr deren Inhalt verantwortlich. Nur weil wir einen Link oder einen Inhalt von einer anderen Website einbinden, hei\u00dft das nicht, dass wir daf\u00fcr garantieren oder sie guthei\u00dfen.  <\/p>\n\n<p>Wir verkaufen oder lizenzieren keine der Produkte oder Dienstleistungen, \u00fcber die wir hier sprechen, die wir hier auflisten oder die wir hier vorstellen. Wir sind in keiner Weise f\u00fcr sie verantwortlich. Jegliche Kommunikation oder Gesch\u00e4fte, die Sie mit Dritten t\u00e4tigen &#8211; wie z.B. Zahlungen oder Lieferungen &#8211; sind ausschlie\u00dflich zwischen Ihnen und diesen Dritten zu regeln.<br\/>Wir haften nicht f\u00fcr Verluste oder Sch\u00e4den, die sich aus diesen Gesch\u00e4ften ergeben. Wenn Sie Fragen oder Probleme mit einem Produkt oder einer Dienstleistung haben, wenden Sie sich direkt an den Verk\u00e4ufer.   <\/p>\n\n<p>Diese Website<a href=\"https:\/\/ddownloadpremium.com\/de\/\" target=\"_blank\" rel=\"noreferrer noopener\">(https:\/\/ddownloadpremium.com)<\/a> dient ausschlie\u00dflich der Weitergabe von Informationen \u00fcber die von DDownload angebotenen Dienstleistungen.<\/p>\n\n<p><\/p>\n","protected":false},"excerpt":{"rendered":"<p>Diese Website enth\u00e4lt Links zu anderen Websites, die anderen Unternehmen geh\u00f6ren.Wenn Sie diese Websites besuchen, m\u00fcssen Sie deren Regeln befolgen. Wir haben keine Kontrolle \u00fcber diese Websites und sind nicht f\u00fcr deren Inhalt verantwortlich. Nur weil wir einen Link oder einen Inhalt von einer anderen Website einbinden, hei\u00dft das nicht, dass wir daf\u00fcr garantieren oder &#8230; <a title=\"Nutzungsbedingungen\" class=\"read-more\" href=\"https:\/\/ddownloadpremium.com\/de\/nutzungsbedingungen\/\" aria-label=\"Mehr Informationen \u00fcber Nutzungsbedingungen\">Weiterlesen<\/a><\/p>\n","protected":false},"author":1,"featured_media":0,"parent":0,"menu_order":0,"comment_status":"closed","ping_status":"closed","template":"","meta":{"footnotes":""},"class_list":["post-164","page","type-page","status-publish"],"_links":{"self":[{"href":"https:\/\/ddownloadpremium.com\/de\/wp-json\/wp\/v2\/pages\/164","targetHints":{"allow":["GET"]}}],"collection":[{"href":"https:\/\/ddownloadpremium.com\/de\/wp-json\/wp\/v2\/pages"}],"about":[{"href":"https:\/\/ddownloadpremium.com\/de\/wp-json\/wp\/v2\/types\/page"}],"author":[{"embeddable":true,"href":"https:\/\/ddownloadpremium.com\/de\/wp-json\/wp\/v2\/users\/1"}],"replies":[{"embeddable":true,"href":"https:\/\/ddownloadpremium.com\/de\/wp-json\/wp\/v2\/comments?post=164"}],"version-history":[{"count":0,"href":"https:\/\/ddownloadpremium.com\/de\/wp-json\/wp\/v2\/pages\/164\/revisions"}],"wp:attachment":[{"href":"https:\/\/ddownloadpremium.com\/de\/wp-json\/wp\/v2\/media?parent=164"}],"curies":[{"name":"wp","href":"https:\/\/api.w.org\/{rel}","templated":true}]}}