{"id":122,"date":"2025-11-27T08:21:28","date_gmt":"2025-11-27T08:21:28","guid":{"rendered":"https:\/\/ddownloadpremium.com\/preguntas-frecuentes\/"},"modified":"2025-11-27T12:09:06","modified_gmt":"2025-11-27T12:09:06","slug":"preguntas-frecuentes","status":"publish","type":"page","link":"https:\/\/ddownloadpremium.com\/es\/preguntas-frecuentes\/","title":{"rendered":"Preguntas frecuentes"},"content":{"rendered":"\n<p>Si est\u00e1s interesado en obtener Ddownload, aqu\u00ed tienes algunas preguntas frecuentes que pueden ayudarte.<\/p>\n\n<p><strong>\u00bfOfrecen una cuenta premium?<\/strong><\/p>\n\n<p>Puedes adquirir f\u00e1cilmente una cuenta premium en su p\u00e1gina Premium.<\/p>\n\n<p><strong>\u00bfC\u00f3mo mover archivos de una carpeta a otra?<\/strong><\/p>\n\n<p>Es bastante sencillo. Puedes arrastrar f\u00e1cilmente un archivo a otra carpeta. Tambi\u00e9n puede seleccionar varios archivos y Editarlos para elegir d\u00f3nde quiere moverlos.<\/p>\n\n<p><strong>\u00bfPuedo borrar los archivos?<\/strong><\/p>\n\n<p>En caso de que quieras eliminar los archivos, eres libre de hacerlo. Al subir, obtendr\u00e1s el enlace de eliminaci\u00f3n junto con el enlace de subida. Es muy aconsejable conservarlos. Sin embargo, en caso de que pierda accidentalmente el enlace, puede esperar a que caduque o enviar un correo electr\u00f3nico al servicio de atenci\u00f3n al cliente.<\/p>\n\n<p><strong>\u00bfCu\u00e1l es el beneficio de una suscripci\u00f3n recurrente?<\/strong><\/p>\n\n<p>En primer lugar, con una suscripci\u00f3n recurrente, se le cobrar\u00e1 autom\u00e1ticamente despu\u00e9s de que expire su membres\u00eda. Esto te dar\u00eda un acceso ininterrumpido ya que no tendr\u00edas que suscribirte cada mes. Por otra parte, si no te gusta la idea, puedes simplemente cancelarlo en tu perfil.<br\/>Ten en cuenta que los pagos recurrentes s\u00f3lo son v\u00e1lidos durante 30 d\u00edas y 90 d\u00edas. Eso significa que cuando caduque tu periodo de prueba, se te facturar\u00e1 autom\u00e1ticamente la suscripci\u00f3n a un plan de 30 d\u00edas.<br\/>Para las afiliaciones premium que duran 365 d\u00edas, \u00e9ste es un pago \u00fanico.  Sin embargo, en caso de que quieras cancelar tu suscripci\u00f3n, puedes hacerlo f\u00e1cilmente, y podr\u00e1s seguir accediendo a ella hasta la siguiente fecha de refacturaci\u00f3n, pero despu\u00e9s de eso, tu cuenta bajar\u00e1 a una cuenta gratuita hasta que pagues una nueva suscripci\u00f3n.<\/p>\n\n<p><strong>\u00bfPuedo descargar archivos gratis?<\/strong><\/p>\n\n<p>Por supuesto. Puedes descargar f\u00e1cilmente archivos de forma gratuita, ya sea con una cuenta gratuita o premium. Sin embargo, lo bueno de la suscripci\u00f3n premium es que no hay l\u00edmites de tiempo y las descargas son r\u00e1pidas. Pueden almacenarse durante m\u00e1s tiempo.<\/p>\n\n<p><strong>\u00bfCu\u00e1les son las opciones de pago?<\/strong><\/p>\n\n<p>Ddownload ofrece varios m\u00e9todos de pago, incluyendo bitcoin, EWallet, payza, skill, y muchos m\u00e1s. Eso significa que tendr\u00e1 la garant\u00eda de que su informaci\u00f3n est\u00e1 bien protegida.<\/p>\n\n<p><strong>\u00bfQu\u00e9 se puede hacer si no se recuerda la contrase\u00f1a?<\/strong><\/p>\n\n<p>En caso de que no recuerde su contrase\u00f1a, puede restablecerla f\u00e1cilmente haciendo clic en Olvid\u00f3 su contrase\u00f1a e introduciendo su direcci\u00f3n de correo electr\u00f3nico. Desde aqu\u00ed, obtendr\u00e1s instrucciones sobre c\u00f3mo restablecer tu contrase\u00f1a.<br\/>En caso de que no lo encuentres en tu carpeta principal, es mejor que compruebes tambi\u00e9n la carpeta de SPAM, ya que podr\u00eda haber sido redirigido all\u00ed.<\/p>\n\n<p><strong>\u00bfCu\u00e1nto tiempo se conservar\u00e1n los archivos en el servidor?<\/strong><\/p>\n\n<p>Tus archivos se almacenar\u00e1n durante 90 d\u00edas despu\u00e9s de la \u00faltima descarga, teniendo en cuenta que eres un miembro premium. Por otro lado, si eres un usuario registrado sin estatus premium, tus archivos estar\u00e1n disponibles en el servidor hasta 30 d\u00edas.<\/p>\n\n<p><strong>\u00bfQu\u00e9 gestores de descargas son aplicables?<\/strong><\/p>\n\n<p>Puedes usar varios aceleradores, y esto incluye Speedget, Internet Download Manager, Jdownloader, FlashGet y muchos m\u00e1s.<\/p>\n\n<p><strong>\u00bfCu\u00e1nto se puede descargar con una cuenta premium?<\/strong><\/p>\n\n<p>Puedes descargar hasta 100GB al d\u00eda, y despu\u00e9s del primer pago tendr\u00e1s 3000GB al mes para descargar.<\/p>\n\n<div class=\"wp-block-buttons is-layout-flex wp-block-buttons-is-layout-flex\">\n<div class=\"wp-block-button\"><a class=\"wp-block-button__link wp-element-button\" href=\"\/go\">Ir a Ddescargar<\/a><\/div>\n<\/div>\n\n<p><\/p>\n","protected":false},"excerpt":{"rendered":"<p>Si est\u00e1s interesado en obtener Ddownload, aqu\u00ed tienes algunas preguntas frecuentes que pueden ayudarte. \u00bfOfrecen una cuenta premium? Puedes adquirir f\u00e1cilmente una cuenta premium en su p\u00e1gina Premium. \u00bfC\u00f3mo mover archivos de una carpeta a otra? Es bastante sencillo. Puedes arrastrar f\u00e1cilmente un archivo a otra carpeta. Tambi\u00e9n puede seleccionar varios archivos y Editarlos para &#8230; <a title=\"Preguntas frecuentes\" class=\"read-more\" href=\"https:\/\/ddownloadpremium.com\/es\/preguntas-frecuentes\/\" aria-label=\"Leer m\u00e1s sobre Preguntas frecuentes\">Leer m\u00e1s<\/a><\/p>\n","protected":false},"author":1,"featured_media":0,"parent":0,"menu_order":0,"comment_status":"closed","ping_status":"closed","template":"","meta":{"footnotes":""},"class_list":["post-122","page","type-page","status-publish"],"_links":{"self":[{"href":"https:\/\/ddownloadpremium.com\/es\/wp-json\/wp\/v2\/pages\/122","targetHints":{"allow":["GET"]}}],"collection":[{"href":"https:\/\/ddownloadpremium.com\/es\/wp-json\/wp\/v2\/pages"}],"about":[{"href":"https:\/\/ddownloadpremium.com\/es\/wp-json\/wp\/v2\/types\/page"}],"author":[{"embeddable":true,"href":"https:\/\/ddownloadpremium.com\/es\/wp-json\/wp\/v2\/users\/1"}],"replies":[{"embeddable":true,"href":"https:\/\/ddownloadpremium.com\/es\/wp-json\/wp\/v2\/comments?post=122"}],"version-history":[{"count":0,"href":"https:\/\/ddownloadpremium.com\/es\/wp-json\/wp\/v2\/pages\/122\/revisions"}],"wp:attachment":[{"href":"https:\/\/ddownloadpremium.com\/es\/wp-json\/wp\/v2\/media?parent=122"}],"curies":[{"name":"wp","href":"https:\/\/api.w.org\/{rel}","templated":true}]}}