{"id":146,"date":"2025-11-27T10:09:15","date_gmt":"2025-11-27T10:09:15","guid":{"rendered":"https:\/\/ddownloadpremium.com\/ddescargar\/"},"modified":"2026-03-10T08:25:52","modified_gmt":"2026-03-10T08:25:52","slug":"ddescargar","status":"publish","type":"page","link":"https:\/\/ddownloadpremium.com\/es\/","title":{"rendered":"Desbloquea el poder de la nube: Por qu\u00e9 necesitas DDownload Premium hoy mismo"},"content":{"rendered":"\n<figure class=\"wp-block-image size-large\"><img loading=\"lazy\" decoding=\"async\" width=\"1024\" height=\"512\" src=\"https:\/\/spcdn.shortpixel.ai\/spio\/ret_img,q_cdnize,to_webp,s_webp\/ddownloadpremium.com\/wp-content\/uploads\/2026\/01\/Interface-1024x512.webp\" alt=\"Panel de Almacenamiento en la Nube - Interfaz DDownload\" class=\"wp-image-277\" srcset=\"https:\/\/spcdn.shortpixel.ai\/spio\/ret_img,q_cdnize,to_webp,s_webp\/ddownloadpremium.com\/wp-content\/uploads\/2026\/01\/Interface-1024x512.webp 1024w, https:\/\/spcdn.shortpixel.ai\/spio\/ret_img,q_cdnize,to_webp,s_webp\/ddownloadpremium.com\/wp-content\/uploads\/2026\/01\/Interface-300x150.webp 300w, https:\/\/spcdn.shortpixel.ai\/spio\/ret_img,q_cdnize,to_webp,s_webp\/ddownloadpremium.com\/wp-content\/uploads\/2026\/01\/Interface-768x384.webp 768w, https:\/\/spcdn.shortpixel.ai\/spio\/ret_img,q_cdnize,to_webp,s_webp\/ddownloadpremium.com\/wp-content\/uploads\/2026\/01\/Interface.webp 1200w\" sizes=\"auto, (max-width: 1024px) 100vw, 1024px\" \/><\/figure>\n\n<p>\u00bfHas perdido alguna vez una memoria USB? Es la peor sensaci\u00f3n del mundo. Pierdes tus fotos privadas. Pierdes tu trabajo duro. Pierdes tus mejores recuerdos. Los discos duros externos tambi\u00e9n pueden romperse. Envejecen y dejan de funcionar. El almacenamiento f\u00edsico ya no es seguro. Tus datos son demasiado valiosos para perderlos.        <\/p>\n\n<p>Por eso necesitas almacenamiento en la nube. El almacenamiento en la nube te permite mantener tus archivos seguros en Internet. No necesitas discos f\u00edsicos. Puedes acceder a tus archivos desde cualquier parte del mundo. Todo lo que necesitas es un tel\u00e9fono o un ordenador. Mientras tengas Internet, tendr\u00e1s tus archivos.     <\/p>\n\n<p>DDownload es uno de los mejores sitios de alojamiento de archivos. Te ofrece una forma incre\u00edble de almacenar, compartir y gestionar tus archivos. Unirse es completamente gratis y sencillo. Pero, si quieres el mejor servicio, debes obtener <strong>DDownload Premium<\/strong>.   <\/p>\n\n<div class=\"wp-block-buttons is-layout-flex wp-block-buttons-is-layout-flex\">\n<div class=\"wp-block-button\"><a class=\"wp-block-button__link has-accent-background-color has-background wp-element-button\" href=\"\/go\">HAZ CLIC AQU\u00cd PARA ACTUALIZAR A DDOWNLOAD PREMIUM \u00a1AHORA!<\/a><\/div>\n<\/div>\n\n<hr class=\"wp-block-separator has-alpha-channel-opacity\"\/>\n\n<h2 class=\"wp-block-heading\">\u00bfQu\u00e9 es DDownload?<\/h2>\n\n<p>DDownload es una plataforma de almacenamiento online. Te ayuda a hacer copias de seguridad de tus archivos multimedia en Internet. No necesitas discos duros f\u00edsicos ni memorias flash. Puedes almacenar tus archivos online de forma segura. Puedes gestionarlos f\u00e1cilmente. Puedes compartirlos con tus amigos. Puedes eliminarlos cuando quieras. Puedes acceder a tus archivos en cualquier momento.       <\/p>\n\n<p>La empresa es bastante nueva. Se lanz\u00f3 en octubre de 2019. Los propietarios se encuentran en Panam\u00e1. Sin embargo, sus centros de datos r\u00e1pidos est\u00e1n en Estados Unidos. Esto significa que tus archivos se guardan en servidores muy seguros.    <\/p>\n\n<p>El sitio web es muy f\u00e1cil de usar. Los men\u00fas son claros. Puedes encontrar todo r\u00e1pidamente. Puedes ver tu perfil, tus facturas y tu espacio utilizado en un solo lugar. Es muy f\u00e1cil gestionar tu cuenta. De momento, el sitio web s\u00f3lo est\u00e1 en ingl\u00e9s. Pero el dise\u00f1o sencillo hace que sea f\u00e1cil de usar para cualquiera.      <\/p>\n\n<hr class=\"wp-block-separator has-alpha-channel-opacity\"\/>\n\n<h2 class=\"wp-block-heading\">Gratis vs. Premium: Elige bien<\/h2>\n\n<p>Puedes unirte a DDownload gratuitamente. El proceso de registro es r\u00e1pido. S\u00f3lo necesitas un nombre de usuario, un correo electr\u00f3nico y una contrase\u00f1a. Puedes permanecer como miembro gratuito. Pero una cuenta gratuita limita lo que puedes hacer.    <\/p>\n\n<p>Con una cuenta gratuita, s\u00f3lo tienes 5 TB de espacio. El tama\u00f1o de tus archivos s\u00f3lo puede ser de 2 GB. Tu velocidad de descarga es lenta. Compartes tu velocidad con muchos otros usuarios gratuitos. Tambi\u00e9n tienes que esperar antes de que se inicie una descarga. Tienes que teclear c\u00f3digos Captcha. Ver\u00e1s anuncios. Si se detiene tu conexi\u00f3n a Internet, se detiene tu descarga. Tienes que empezar de nuevo.        <\/p>\n\n<p>Esto puede ser muy molesto. Te hace perder el tiempo. Dificulta compartir archivos.  <\/p>\n\n<p>Por eso actualizar es una sabia idea. DDownload Premium lo cambia todo. Elimina todos los l\u00edmites. Te ofrece la experiencia definitiva para compartir archivos. Veamos c\u00f3mo Premium supera a la versi\u00f3n gratuita.    <\/p>\n\n<figure class=\"wp-block-image size-large\"><img loading=\"lazy\" decoding=\"async\" width=\"1024\" height=\"866\" src=\"https:\/\/spcdn.shortpixel.ai\/spio\/ret_img,q_cdnize,to_webp,s_webp\/ddownloadpremium.com\/wp-content\/uploads\/2025\/11\/features-1024x866.webp\" alt=\"Descargar funciones premium\" class=\"wp-image-24\" srcset=\"https:\/\/spcdn.shortpixel.ai\/spio\/ret_img,q_cdnize,to_webp,s_webp\/ddownloadpremium.com\/wp-content\/uploads\/2025\/11\/features-1024x866.webp 1024w, https:\/\/spcdn.shortpixel.ai\/spio\/ret_img,q_cdnize,to_webp,s_webp\/ddownloadpremium.com\/wp-content\/uploads\/2025\/11\/features-300x254.webp 300w, https:\/\/spcdn.shortpixel.ai\/spio\/ret_img,q_cdnize,to_webp,s_webp\/ddownloadpremium.com\/wp-content\/uploads\/2025\/11\/features-768x649.webp 768w, https:\/\/spcdn.shortpixel.ai\/spio\/ret_img,q_cdnize,to_webp,s_webp\/ddownloadpremium.com\/wp-content\/uploads\/2025\/11\/features-1536x1298.webp 1536w, https:\/\/spcdn.shortpixel.ai\/spio\/ret_img,q_cdnize,to_webp,s_webp\/ddownloadpremium.com\/wp-content\/uploads\/2025\/11\/features.webp 1810w\" sizes=\"auto, (max-width: 1024px) 100vw, 1024px\" \/><\/figure>\n\n<hr class=\"wp-block-separator has-alpha-channel-opacity\"\/>\n\n<h2 class=\"wp-block-heading\">Las incre\u00edbles caracter\u00edsticas de DDownload Premium<\/h2>\n\n<p>Cuando compras Premium, obtienes una experiencia VIP. Las opciones son casi infinitas. Tienes control total sobre tus archivos. Aqu\u00ed tienes un vistazo en profundidad a las potentes funciones de las que disfrutar\u00e1s.   <\/p>\n\n<h3 class=\"wp-block-heading\">1. Espacio de almacenamiento masivo de 100 TB<\/h3>\n\n<p>100 Terabytes es una cantidad enorme de espacio. Pensemos en lo que significa. Un Terabyte son mil Gigabytes. Por tanto, 100 Terabytes son cien mil Gigabytes. Con una cuenta gratuita, s\u00f3lo tienes 5 Terabytes. Est\u00e1 bien, pero no es suficiente para usuarios intensivos. Con 100 Terabytes, puedes almacenarlo todo. Puedes guardar miles de pel\u00edculas de alta definici\u00f3n. Puedes guardar millones de fotos n\u00edtidas. Puedes hacer copias de seguridad de todo tu ordenador. Nunca te quedar\u00e1s sin espacio.          <\/p>\n\n<h3 class=\"wp-block-heading\">2. Enorme tama\u00f1o m\u00e1ximo de archivo de 100 GB<\/h3>\n\n<p>Un usuario gratuito s\u00f3lo puede subir archivos de 2 GB. Esto es demasiado peque\u00f1o para v\u00eddeos modernos o software de gran tama\u00f1o. \u00a1Un usuario Premium puede subir archivos de hasta 100 GB de tama\u00f1o! Puedes subir pel\u00edculas 4K completas de una sola vez. No tienes que dividir tus archivos en partes peque\u00f1as. Esto te ahorra mucho tiempo y esfuerzo.     <\/p>\n\n<h3 class=\"wp-block-heading\">3. Velocidades ultrarr\u00e1pidas de 30 Mbps<\/h3>\n\n<p>Esperar a que se descargue un archivo es muy aburrido. Una cuenta gratuita limita tu velocidad a 5 Mbps. Si quieres descargar una pel\u00edcula grande, puedes tardar horas. Una cuenta Premium te proporciona velocidad r\u00e1pida. Obtienes 30 Mbps de velocidad prioritaria. Tus descargas terminar\u00e1n en un instante. Incluso puedes transmitir v\u00eddeos directamente desde la nube. No se detendr\u00e1n ni se almacenar\u00e1n en el b\u00fafer.       <\/p>\n\n<figure class=\"wp-block-image size-large\"><img loading=\"lazy\" decoding=\"async\" width=\"1024\" height=\"407\" src=\"https:\/\/spcdn.shortpixel.ai\/spio\/ret_img,q_cdnize,to_webp,s_webp\/ddownloadpremium.com\/wp-content\/uploads\/2025\/11\/speed-1024x407.webp\" alt=\"DDownload velocidad de descarga r&#xE1;pida\" class=\"wp-image-25\" srcset=\"https:\/\/spcdn.shortpixel.ai\/spio\/ret_img,q_cdnize,to_webp,s_webp\/ddownloadpremium.com\/wp-content\/uploads\/2025\/11\/speed-1024x407.webp 1024w, https:\/\/spcdn.shortpixel.ai\/spio\/ret_img,q_cdnize,to_webp,s_webp\/ddownloadpremium.com\/wp-content\/uploads\/2025\/11\/speed-300x119.webp 300w, https:\/\/spcdn.shortpixel.ai\/spio\/ret_img,q_cdnize,to_webp,s_webp\/ddownloadpremium.com\/wp-content\/uploads\/2025\/11\/speed-768x305.webp 768w, https:\/\/spcdn.shortpixel.ai\/spio\/ret_img,q_cdnize,to_webp,s_webp\/ddownloadpremium.com\/wp-content\/uploads\/2025\/11\/speed.webp 1428w\" sizes=\"auto, (max-width: 1024px) 100vw, 1024px\" \/><\/figure>\n\n<h3 class=\"wp-block-heading\">4. 200 GB de tr\u00e1fico diario<\/h3>\n\n<p>\u00bfAlg\u00fan proveedor en la nube ofrece 200 GB de tr\u00e1fico al d\u00eda? S\u00ed, DDownload Premium lo ofrece. Esto equivale a unos enormes 6.000 GB cada mes. Este enorme l\u00edmite te da libertad. Puedes compartir archivos grandes con todos tus amigos. Puedes descargar juegos y software sin miedo. No tienes que preocuparte por quedarte sin datos diarios.      <\/p>\n\n<h3 class=\"wp-block-heading\">5. No m\u00e1s anuncios<\/h3>\n\n<p>Los anuncios pueden ser muy molestos. Aparecen en tu pantalla. Ralentizan tu ordenador. Te desconcentran. Con una cuenta gratuita, tienes que lidiar con estos anuncios. Pero con DDownload Premium, no hay anuncios. Tu pantalla permanece limpia. Tu experiencia es tranquila y fluida.       <\/p>\n\n<h3 class=\"wp-block-heading\">6. Di adi\u00f3s a los captchas<\/h3>\n\n<p>No hay nada m\u00e1s frustrante que demostrar que eres humano. Hacer clic en im\u00e1genes de sem\u00e1foros es una p\u00e9rdida de tiempo. Los usuarios gratuitos deben hacer esto para cada archivo. Los usuarios Premium se saltan este paso por completo. S\u00f3lo tienes que hacer clic en descargar, y el archivo se inicia inmediatamente. No hay tiempo de espera. No hay molestos rompecabezas.      <\/p>\n\n<h3 class=\"wp-block-heading\">7. Reanuda tus descargas f\u00e1cilmente<\/h3>\n\n<p>\u00bfAlguna vez has estado a mitad de una gran descarga y se te ha ca\u00eddo el Wi-Fi? Es horrible. Los usuarios gratuitos tienen que empezar desde el principio. Los usuarios Premium no tienen este problema. Premium te ofrece descargas reanudables. Si se interrumpe tu conexi\u00f3n, la descarga se detiene. Cuando vuelves a conectarte, se reanuda justo donde se qued\u00f3.      <\/p>\n\n<h3 class=\"wp-block-heading\">8. Descarga muchos archivos a la vez<\/h3>\n\n<p>Una cuenta gratuita s\u00f3lo te permite descargar un archivo cada vez. Tienes que esperar a que termine la primera para empezar la siguiente. La cuenta Premium te permite hacer descargas paralelas. Puedes descargar 10 o m\u00e1s archivos \u00a1exactamente al mismo tiempo! Puedes utilizar un gestor de descargas para hacerlo a\u00fan m\u00e1s f\u00e1cil.    <\/p>\n\n<h3 class=\"wp-block-heading\">9. Sube archivos a tu manera<\/h3>\n\n<p>Los miembros gratuitos s\u00f3lo pueden utilizar un navegador web para subir archivos. Los usuarios Premium tienen tres formas de subir archivos. Puedes utilizar tu navegador. Puedes utilizar la subida FTP, que es genial para mover muchos archivos. Tambi\u00e9n puedes utilizar la subida remota. Esto te permite mover archivos desde otros sitios web directamente a tu cuenta DDownload. Es muy r\u00e1pido e inteligente.      <\/p>\n\n<h3 class=\"wp-block-heading\">10. Mejor seguridad para tus archivos<\/h3>\n\n<p>DDownload es uno de los hosts m\u00e1s seguros del mundo. Por seguridad, debes crear un c\u00f3digo pin de 4 d\u00edgitos. Necesitas este pin para borrar archivos. Esto impide que los piratas inform\u00e1ticos arruinen tus datos. Los usuarios Premium obtienen a\u00fan m\u00e1s protecci\u00f3n. Obtienes encriptaci\u00f3n AES-256 y SSL de 256 bits. Esto significa que tus datos est\u00e1n bien protegidos de extremo a extremo. Nadie puede espiar tus archivos.       <\/p>\n\n<h3 class=\"wp-block-heading\">11. Conserva tus archivos m\u00e1s tiempo<\/h3>\n\n<p>Si no tocas un archivo durante 30 d\u00edas, la cuenta gratuita lo eliminar\u00e1. Esto puede ser malo si olvidas conectarte. Las cuentas Premium te dan 60 d\u00edas de inactividad. Tus archivos permanecen seguros en los servidores mucho m\u00e1s tiempo, aunque est\u00e9s fuera.   <\/p>\n\n<h3 class=\"wp-block-heading\">12. Atenci\u00f3n al cliente prioritaria<\/h3>\n\n<p>Los usuarios gratuitos pueden esperar 72 horas para recibir una respuesta por correo electr\u00f3nico. Es decir, \u00a1tres d\u00edas enteros! Si tienes un problema, quieres ayuda enseguida. Los usuarios Premium obtienen una asistencia incre\u00edble. Tienes acceso a chat en directo 24 horas al d\u00eda, 7 d\u00edas a la semana, y ayuda r\u00e1pida por correo electr\u00f3nico. El equipo de soporte siempre est\u00e1 ah\u00ed para resolver tus problemas r\u00e1pidamente.     <\/p>\n\n<figure class=\"wp-block-image size-large\"><img loading=\"lazy\" decoding=\"async\" width=\"1024\" height=\"524\" src=\"https:\/\/spcdn.shortpixel.ai\/spio\/ret_img,q_cdnize,to_webp,s_webp\/ddownloadpremium.com\/wp-content\/uploads\/2026\/03\/premium-features-1024x524.webp\" alt=\"DDownload Funciones Premium\" class=\"wp-image-380\" srcset=\"https:\/\/spcdn.shortpixel.ai\/spio\/ret_img,q_cdnize,to_webp,s_webp\/ddownloadpremium.com\/wp-content\/uploads\/2026\/03\/premium-features-1024x524.webp 1024w, https:\/\/spcdn.shortpixel.ai\/spio\/ret_img,q_cdnize,to_webp,s_webp\/ddownloadpremium.com\/wp-content\/uploads\/2026\/03\/premium-features-300x154.webp 300w, https:\/\/spcdn.shortpixel.ai\/spio\/ret_img,q_cdnize,to_webp,s_webp\/ddownloadpremium.com\/wp-content\/uploads\/2026\/03\/premium-features-768x393.webp 768w, https:\/\/spcdn.shortpixel.ai\/spio\/ret_img,q_cdnize,to_webp,s_webp\/ddownloadpremium.com\/wp-content\/uploads\/2026\/03\/premium-features-1536x786.webp 1536w, https:\/\/spcdn.shortpixel.ai\/spio\/ret_img,q_cdnize,to_webp,s_webp\/ddownloadpremium.com\/wp-content\/uploads\/2026\/03\/premium-features.webp 1692w\" sizes=\"auto, (max-width: 1024px) 100vw, 1024px\" \/><\/figure>\n\n<hr class=\"wp-block-separator has-alpha-channel-opacity\"\/>\n\n<h2 class=\"wp-block-heading\">\u00bfQui\u00e9n puede beneficiarse de DDownload Premium?<\/h2>\n\n<p>DDownload Premium es perfecto para muchos tipos de personas. Mira estos ejemplos para ver c\u00f3mo puede ayudarte. <\/p>\n\n<p><strong>Para el estudiante:<\/strong><br\/>Los estudiantes tienen grandes archivos de proyectos. Tienen grandes presentaciones. Necesitan mantener a salvo sus deberes. Si se rompe un port\u00e1til, los deberes desaparecen. DDownload los mantiene a salvo. Puedes trabajar en la escuela, y luego descargar tu trabajo en casa en segundos.     <\/p>\n\n<p><strong>Para el editor de v\u00eddeo:<\/strong><br\/>Los archivos de v\u00eddeo son enormes. Editar v\u00eddeo 4K ocupa much\u00edsimo espacio. Un l\u00edmite de 5 TB no es suficiente. Con 100 TB de espacio, los editores pueden guardar todos sus clips en bruto. Pueden utilizar la carga FTP para enviar r\u00e1pidamente enormes archivos de v\u00eddeo a los clientes.    <\/p>\n\n<p><strong>Para los aficionados al cine:<\/strong><br\/>\u00bfTe gusta ver pel\u00edculas de alta calidad? Puedes almacenar toda tu colecci\u00f3n de pel\u00edculas en DDownload. Con velocidades de 30 Mbps, puedes ver las pel\u00edculas directamente en streaming. Ni siquiera tienes que descargarlas primero. No hay buffering.    <\/p>\n\n<p><strong>Para el trabajador de oficina:<\/strong><br\/>Puedes hacer copias de seguridad seguras de tus documentos de oficina. La estricta seguridad AES-256 significa que tus archivos secretos permanecen en secreto. El pin de seguridad de 4 d\u00edgitos mantiene alejados a los malos. Puedes confiar a DDownload tus datos empresariales importantes.   <\/p>\n\n<figure class=\"wp-block-image size-full\"><img loading=\"lazy\" decoding=\"async\" width=\"1000\" height=\"400\" src=\"https:\/\/ddownloadpremium.com\/wp-content\/uploads\/2026\/01\/photo-20251.webp\" alt=\"Felices usuarios Premium de DDownload en todo el mundo\" class=\"wp-image-280\" srcset=\"https:\/\/ddownloadpremium.com\/wp-content\/uploads\/2026\/01\/photo-20251.webp 1000w, https:\/\/ddownloadpremium.com\/wp-content\/uploads\/2026\/01\/photo-20251-300x120.webp 300w, https:\/\/ddownloadpremium.com\/wp-content\/uploads\/2026\/01\/photo-20251-768x307.webp 768w\" sizes=\"auto, (max-width: 1000px) 100vw, 1000px\" \/><\/figure>\n\n<hr class=\"wp-block-separator has-alpha-channel-opacity\"\/>\n\n<h2 class=\"wp-block-heading\">\u00bfCu\u00e1nto cuesta DDownload Premium?<\/h2>\n\n<p>Puede que pienses que estas incre\u00edbles funciones cuestan mucho dinero. La gran noticia es que DDownload Premium es muy barato. Las tarifas son muy razonables. Obtienes el m\u00e1ximo valor por tu dinero.   <\/p>\n\n<p>Ofrecen tres sencillos planes que se ajustan a tu presupuesto:<\/p>\n\n<ul class=\"wp-block-list\">\n<li><strong>Plan de 1 mes:<\/strong> S\u00f3lo 14,99<\/li>\n\n\n\n<li><strong>Plan de 6 meses:<\/strong> S\u00f3lo 49,99 \u20ac (\u00a1Ahorras mucho dinero!)<\/li>\n\n\n\n<li><strong>Plan de 1 a\u00f1o:<\/strong> S\u00f3lo 69,99 \u20ac (\u00a1La mejor relaci\u00f3n calidad-precio!)<\/li>\n<\/ul>\n\n<p>Pagar por tu nueva cuenta es muy f\u00e1cil. La empresa acepta muchos m\u00e9todos de pago diferentes. Puedes elegir el que m\u00e1s te convenga. Tus datos de pago se mantienen seguros con encriptaci\u00f3n SSL.   <\/p>\n\n<p>Aqu\u00ed tienes las formas de pago:<\/p>\n\n<ul class=\"wp-block-list\">\n<li>Tarjetas de cr\u00e9dito (Visa, Mastercard, American Express, Discover, JCB)<\/li>\n\n\n\n<li>PayPal<\/li>\n\n\n\n<li>Bitcoin y otras criptomonedas (CoinPayments)<\/li>\n\n\n\n<li>Skrill<\/li>\n\n\n\n<li>WebMoney<\/li>\n\n\n\n<li>Alipay<\/li>\n\n\n\n<li>CashtoCode<\/li>\n\n\n\n<li>UnionPay Internacional<\/li>\n\n\n\n<li>\u00a1Y muchos m\u00e1s!<\/li>\n<\/ul>\n\n<div class=\"wp-block-buttons is-layout-flex wp-block-buttons-is-layout-flex\">\n<div class=\"wp-block-button\"><a class=\"wp-block-button__link has-accent-background-color has-background wp-element-button\" href=\"\/go\">\u00a1CONSIGUE HOY TU CUENTA PREMIUM! HAZ CLIC AQU\u00cd <\/a><\/div>\n<\/div>\n\n<hr class=\"wp-block-separator has-alpha-channel-opacity\"\/>\n\n<h2 class=\"wp-block-heading\">C\u00f3mo empezar ahora mismo<\/h2>\n\n<p>Actualizar tu cuenta es muy f\u00e1cil. S\u00f3lo tienes que seguir estos sencillos pasos para unirte al club Premium. <\/p>\n\n<p><strong>Paso 1:<\/strong> Ve al sitio web de DDownload.<br\/><strong>Paso 2:<\/strong> Pulsa el bot\u00f3n \u00abReg\u00edstrate\u00bb. Introduce un nombre de usuario, un correo electr\u00f3nico y una contrase\u00f1a. <br\/><strong>Paso 3:<\/strong> Accede a tu nueva cuenta gratuita.<br\/><strong>Paso 4:<\/strong> Busca el bot\u00f3n \u00abActualizar\u00bb en la parte superior de la p\u00e1gina. Haz clic en \u00e9l. <br\/><strong>Paso 5:<\/strong> Elige el plan que desees (1 Mes, 6 Meses o 1 A\u00f1o).<br\/><strong>Paso 6:<\/strong> Elige c\u00f3mo quieres pagar.<br\/><strong>Paso 7:<\/strong> Finaliza el pago. \u00a1Tu cuenta se convertir\u00e1 en Premium al instante! <\/p>\n\n<p>No hay esperas. Puedes empezar a descargar y subir tus archivos grandes al segundo siguiente. <\/p>\n\n<hr class=\"wp-block-separator has-alpha-channel-opacity\"\/>\n\n<h2 class=\"wp-block-heading\">Preguntas m\u00e1s frecuentes (FAQ)<\/h2>\n\n<p>Puede que a\u00fan tengas algunas preguntas. Aqu\u00ed tienes las respuestas sencillas a las preguntas m\u00e1s frecuentes sobre DDownload Premium. <\/p>\n\n<p><strong>\u00bfEs seguro utilizar DDownload?<\/strong><br\/>S\u00ed, es muy seguro. El sitio utiliza una fuerte encriptaci\u00f3n. Tus contrase\u00f1as se mantienen en secreto. Tus archivos est\u00e1n bajo llave. S\u00f3lo t\u00fa puedes verlos. El pin especial de 4 d\u00edgitos a\u00f1ade otra gruesa capa de seguridad.     <\/p>\n\n<p><strong>\u00bfPuedo compartir mis archivos con amigos?<\/strong><br\/>S\u00ed, \u00a1por supuesto! Puedes compartir tus archivos con quien quieras. S\u00f3lo tienes que enviarles el enlace de descarga. Como tienes Premium, puedes compartir archivos de hasta 100 GB de tama\u00f1o. Tus amigos te adorar\u00e1n por ello.    <\/p>\n\n<p><strong>\u00bfQu\u00e9 ocurre si olvido mi pin de 4 d\u00edgitos?<\/strong><br\/>Tu pin es muy importante. Lo necesitas para borrar archivos. Si lo olvidas, puedes pedir ayuda al equipo de soporte. Los usuarios Premium obtienen ayuda r\u00e1pida 24 horas al d\u00eda, 7 d\u00edas a la semana. Te ayudar\u00e1n a restablecer tu pin de forma segura.    <\/p>\n\n<p><strong>\u00bfPuedo utilizar DDownload en mi tel\u00e9fono?<\/strong><br\/>S\u00ed. No necesitas ordenador. Puedes utilizar tu smartphone o tu tableta. Todo lo que necesitas es un navegador web como Chrome o Safari. El sitio web funciona muy bien en pantallas peque\u00f1as. Puedes subir fotos directamente desde tu tel\u00e9fono.    <\/p>\n\n<p><strong>\u00bfQu\u00e9 es la carga remota?<\/strong><br\/>Remote Upload es una herramienta Premium inteligente. Supongamos que un archivo est\u00e1 almacenado en otro sitio web. Lo quieres en tu cuenta DDownload. No tienes que descargarlo primero en tu ordenador. S\u00f3lo tienes que darle a DDownload el enlace. DDownload coge el archivo directamente del otro sitio. Te ahorra mucho tiempo y datos.      <\/p>\n\n<p><strong>\u00bfMis archivos se quedan para siempre?<\/strong><br\/>DDownload conserva tus archivos mientras tu cuenta est\u00e9 activa. Si un archivo no se descarga ni se toca durante 60 d\u00edas, es posible que se elimine para ahorrar espacio en el servidor. Pero mientras utilices tu cuenta, tus archivos estar\u00e1n perfectamente a salvo.  <\/p>\n\n<p><strong>\u00bfEl plan de 1 a\u00f1o es una buena oferta?<\/strong><br\/>S\u00ed, es la mejor oferta. Si pagas mes a mes, cuesta unos 180 euros al a\u00f1o. Pero el plan de 1 a\u00f1o cuesta s\u00f3lo 69,99 euros. \u00a1Te ahorras m\u00e1s de 100 euros! Es muy inteligente comprar el plan de 1 a\u00f1o.    <\/p>\n\n<p><strong>\u00bfPuedo pausar una descarga y dormir?<\/strong><br\/>S\u00ed. Premium te ofrece descargas reanudables. Puedes pausar un archivo enorme, apagar el ordenador e irte a la cama. Al d\u00eda siguiente, puedes encender el ordenador y hacer clic en reanudar. Continuar\u00e1 justo donde se detuvo.   <\/p>\n\n<p><strong>\u00bfVer\u00e9 alguna vez un anuncio con Premium?<\/strong><br\/>Nunca. Premium elimina todos los anuncios. No hay ventanas emergentes. No hay banners. Tienes una pantalla limpia y bonita cada vez que te conectas.    <\/p>\n\n<p><strong>\u00bfQu\u00e9 pasa con mis archivos si caduca mi Premium?<\/strong><br\/>Si se agota tu tiempo Premium, tu cuenta vuelve al nivel gratuito. Tu espacio masivo de 100 TB se reduce a 5 TB. Si tienes m\u00e1s de 5 TB de archivos, podr\u00edas perder algunos datos. Por eso es inteligente renovar tu plan Premium pronto.   <\/p>\n\n<hr class=\"wp-block-separator has-alpha-channel-opacity\"\/>\n\n<h2 class=\"wp-block-heading\">El veredicto final: \u00bfMerece la pena?<\/h2>\n\n<p>Despu\u00e9s de examinar a fondo DDownload, tenemos nuestra respuesta. \u00bfEst\u00e1 a la altura de las expectativas? \u00a1S\u00ed, de verdad! \u00bfMerece la pena la inversi\u00f3n? Por supuesto.<\/p>\n\n<p>DDownload Premium te da exactamente lo que quieres. Te da 100 TB de espacio masivo. Te da 30 Mbps de velocidad ultrarr\u00e1pida. Mantiene tus archivos bloqueados y totalmente seguros. Elimina los anuncios que te vuelven loco. Acaba con los Captchas que te hacen perder el tiempo.     <\/p>\n\n<p>Si s\u00f3lo quieres probarlo, la versi\u00f3n gratuita est\u00e1 bien. Pero si te tomas en serio tus archivos, necesitas Premium. Si descargas pel\u00edculas grandes, necesitas Premium. Si compartes grandes archivos de trabajo, necesitas Premium. Har\u00e1 tu vida digital mucho m\u00e1s f\u00e1cil.    <\/p>\n\n<p>No esperes ni un minuto m\u00e1s. Deja de lidiar con velocidades lentas. Deja de preocuparte por memorias USB rotas. Entra en el futuro del almacenamiento r\u00e1pido en la nube. Protege tus archivos hoy mismo. Toma el control total de tu mundo digital.     <\/p>\n\n<div class=\"wp-block-buttons is-layout-flex wp-block-buttons-is-layout-flex\">\n<div class=\"wp-block-button\"><a class=\"wp-block-button__link has-accent-background-color has-background wp-element-button\" href=\"\/go\">\u00a1ACTUALIZA A DDOWNLOAD PREMIUM AHORA Y DISFRUTA DE LA VERDADERA LIBERTAD!<\/a><\/div>\n<\/div>\n\n<p><\/p>\n","protected":false},"excerpt":{"rendered":"<p>\u00bfHas perdido alguna vez una memoria USB? Es la peor sensaci\u00f3n del mundo. Pierdes tus fotos privadas. Pierdes tu trabajo duro. Pierdes tus mejores recuerdos. Los discos duros externos tambi\u00e9n pueden romperse. Envejecen y dejan de funcionar. El almacenamiento f\u00edsico ya no es seguro. Tus datos son demasiado valiosos para perderlos. Por eso necesitas almacenamiento &#8230; <a title=\"Desbloquea el poder de la nube: Por qu\u00e9 necesitas DDownload Premium hoy mismo\" class=\"read-more\" href=\"https:\/\/ddownloadpremium.com\/es\/\" aria-label=\"Leer m\u00e1s sobre Desbloquea el poder de la nube: Por qu\u00e9 necesitas DDownload Premium hoy mismo\">Leer m\u00e1s<\/a><\/p>\n","protected":false},"author":1,"featured_media":0,"parent":0,"menu_order":0,"comment_status":"closed","ping_status":"closed","template":"","meta":{"footnotes":""},"class_list":["post-146","page","type-page","status-publish"],"_links":{"self":[{"href":"https:\/\/ddownloadpremium.com\/es\/wp-json\/wp\/v2\/pages\/146","targetHints":{"allow":["GET"]}}],"collection":[{"href":"https:\/\/ddownloadpremium.com\/es\/wp-json\/wp\/v2\/pages"}],"about":[{"href":"https:\/\/ddownloadpremium.com\/es\/wp-json\/wp\/v2\/types\/page"}],"author":[{"embeddable":true,"href":"https:\/\/ddownloadpremium.com\/es\/wp-json\/wp\/v2\/users\/1"}],"replies":[{"embeddable":true,"href":"https:\/\/ddownloadpremium.com\/es\/wp-json\/wp\/v2\/comments?post=146"}],"version-history":[{"count":5,"href":"https:\/\/ddownloadpremium.com\/es\/wp-json\/wp\/v2\/pages\/146\/revisions"}],"predecessor-version":[{"id":408,"href":"https:\/\/ddownloadpremium.com\/es\/wp-json\/wp\/v2\/pages\/146\/revisions\/408"}],"wp:attachment":[{"href":"https:\/\/ddownloadpremium.com\/es\/wp-json\/wp\/v2\/media?parent=146"}],"curies":[{"name":"wp","href":"https:\/\/api.w.org\/{rel}","templated":true}]}}