{"id":160,"date":"2025-11-27T11:26:25","date_gmt":"2025-11-27T11:26:25","guid":{"rendered":"https:\/\/ddownloadpremium.com\/condiciones-de-uso\/"},"modified":"2025-11-27T12:09:16","modified_gmt":"2025-11-27T12:09:16","slug":"condiciones-de-uso","status":"publish","type":"page","link":"https:\/\/ddownloadpremium.com\/es\/condiciones-de-uso\/","title":{"rendered":"Condiciones de uso"},"content":{"rendered":"\n<p>Este sitio web tiene enlaces a otros sitios web propiedad de otras empresas.<br\/>Cuando visites esos sitios, debes seguir sus normas. No los controlamos y no somos responsables de lo que hay en ellos. El hecho de que incluyamos un enlace o alg\u00fan contenido de otro sitio no significa que lo garanticemos o aprobemos.  <\/p>\n\n<p>No vendemos ni concedemos licencias de ninguno de los productos o servicios de los que hablamos, enumeramos o presentamos aqu\u00ed. No somos responsables de ellos en modo alguno. Cualquier comunicaci\u00f3n o negocio que tengas con terceros -como pagos o entregas- es estrictamente entre t\u00fa y ellos.<br\/>No somos responsables de ninguna p\u00e9rdida o da\u00f1o que resulte de estos tratos. Si tienes preguntas o problemas con un producto o servicio, ponte en contacto directamente con el vendedor.   <\/p>\n\n<p>Este sitio<a href=\"https:\/\/ddownloadpremium.com\/es\/\" target=\"_blank\" rel=\"noreferrer noopener\">(https:\/\/ddownloadpremium.com)<\/a> s\u00f3lo pretende compartir informaci\u00f3n sobre los servicios ofrecidos por DDownload.<\/p>\n\n<p><\/p>\n","protected":false},"excerpt":{"rendered":"<p>Este sitio web tiene enlaces a otros sitios web propiedad de otras empresas.Cuando visites esos sitios, debes seguir sus normas. No los controlamos y no somos responsables de lo que hay en ellos. El hecho de que incluyamos un enlace o alg\u00fan contenido de otro sitio no significa que lo garanticemos o aprobemos. No vendemos &#8230; <a title=\"Condiciones de uso\" class=\"read-more\" href=\"https:\/\/ddownloadpremium.com\/es\/condiciones-de-uso\/\" aria-label=\"Leer m\u00e1s sobre Condiciones de uso\">Leer m\u00e1s<\/a><\/p>\n","protected":false},"author":1,"featured_media":0,"parent":0,"menu_order":0,"comment_status":"closed","ping_status":"closed","template":"","meta":{"footnotes":""},"class_list":["post-160","page","type-page","status-publish"],"_links":{"self":[{"href":"https:\/\/ddownloadpremium.com\/es\/wp-json\/wp\/v2\/pages\/160","targetHints":{"allow":["GET"]}}],"collection":[{"href":"https:\/\/ddownloadpremium.com\/es\/wp-json\/wp\/v2\/pages"}],"about":[{"href":"https:\/\/ddownloadpremium.com\/es\/wp-json\/wp\/v2\/types\/page"}],"author":[{"embeddable":true,"href":"https:\/\/ddownloadpremium.com\/es\/wp-json\/wp\/v2\/users\/1"}],"replies":[{"embeddable":true,"href":"https:\/\/ddownloadpremium.com\/es\/wp-json\/wp\/v2\/comments?post=160"}],"version-history":[{"count":0,"href":"https:\/\/ddownloadpremium.com\/es\/wp-json\/wp\/v2\/pages\/160\/revisions"}],"wp:attachment":[{"href":"https:\/\/ddownloadpremium.com\/es\/wp-json\/wp\/v2\/media?parent=160"}],"curies":[{"name":"wp","href":"https:\/\/api.w.org\/{rel}","templated":true}]}}