{"id":72,"date":"2025-11-27T11:22:33","date_gmt":"2025-11-27T11:22:33","guid":{"rendered":"https:\/\/ddownloadpremium.com\/afiliate-a\/"},"modified":"2025-11-27T12:08:29","modified_gmt":"2025-11-27T12:08:29","slug":"afiliate-a","status":"publish","type":"page","link":"https:\/\/ddownloadpremium.com\/es\/afiliate-a\/","title":{"rendered":"Af\u00edliate a"},"content":{"rendered":"\n<p>No se puede negar que el alojamiento web sigue creciendo en los \u00faltimos a\u00f1os, y no hay indicios de que vaya a detenerse pronto. Como cada vez son m\u00e1s las empresas que se dedican a esto, esto tambi\u00e9n hace que ser un proveedor de alojamiento de archivos afiliado sea muy lucrativo.<\/p>\n\n<p>No s\u00f3lo eso, las investigaciones muestran que m\u00e1s de 38 millones de personas durante los \u00faltimos a\u00f1os han decidido crear un sitio web para su negocio, y eso significa que necesitan buscar un proveedor de alojamiento de archivos que les permita hacer copias de seguridad de sus archivos. Las cosas se han vuelto m\u00e1s f\u00e1ciles porque hay muchos que ofrecen este servicio, y uno de ellos es DDownload. En este art\u00edculo, vamos a hablar de los beneficios que puedes disfrutar como afiliado de DDownload. <\/p>\n\n<p><strong>Por qu\u00e9 deber\u00eda ser un afiliado<\/strong><\/p>\n\n<p>\u00bfQui\u00e9n no quiere tener cosas gratis? Nada puede ser m\u00e1s gratificante que poder utilizar el programa que te gusta de forma gratuita. Como afiliado, aunque sigas sin poder conseguir gratis una cuenta premium de DDownload, el dinero que vas a ganar por promocionar su sitio web puedes utilizarlo para conseguir gratis su plan, y seguir\u00edas teniendo algunas otras cosas.<\/p>\n\n<p><strong>La posibilidad de ganar a trav\u00e9s de los socios<\/strong><\/p>\n\n<p>Al ser usuario de una cuenta premium de DDownload, esto te da la posibilidad de almacenar tus archivos durante m\u00e1s de 90 d\u00edas y eso significa que tambi\u00e9n ganar\u00e1s cuando se suba un archivo. Con cada venta premium, obtendr\u00e1s un 50% de la venta, y esta es una cantidad bastante decente. Y no s\u00f3lo eso, tambi\u00e9n hay otras ventajas que podr\u00e1s explorar m\u00e1s adelante.   Adem\u00e1s, los enlaces que se hagan a la ficha tambi\u00e9n pueden ser utilizados como enlace referenciable, y esto aportar\u00eda a los nuevos socios un 10% de sus ingresos, mientras que un socio tra\u00eddo por un usuario tambi\u00e9n podr\u00eda ganar un 2% de su venta.<\/p>\n\n<p>Al igual que lo que se ha mencionado anteriormente, el enlace que vas a obtener es un enlace de referencia, y cuando el usuario lo utilice para descargar un archivo del sitio web, entonces ser\u00e1 autom\u00e1ticamente el \u00abrecambio\u00bb del usuario. Esto s\u00f3lo implica que se puede ganar, mientras que ser capaz de utilizar la herramienta al mismo tiempo.<\/p>\n\n<p><strong>Ganancias ilimitadas en efectivo para que las disfrutes<\/strong><\/p>\n\n<p>Lo maravilloso de DDownload es que no hay l\u00edmite en tus ganancias por comisiones de afiliado. Eso significa que puedes referir a tanta gente como puedas, y obtener tanta comisi\u00f3n como seas capaz de ganar. <\/p>\n\n<p>Tambi\u00e9n integran una tecnolog\u00eda muy avanzada que permite al usuario seguir y controlar f\u00e1cilmente las ganancias que obtiene, as\u00ed como el n\u00famero de remisiones realizadas con \u00e9xito. Esto significa que nunca te quedar\u00e1s solo en la oscuridad respecto a cu\u00e1nto ganas con el programa. <\/p>\n\n<p><strong>Los materiales de marketing son de primera categor\u00eda<\/strong><\/p>\n\n<p>Ofrecen una variedad de banners atractivos listos para usar, anuncios de texto, enlaces de correo electr\u00f3nico y similares que le ayudar\u00e1n a atraer m\u00e1s visitantes. Todo lo que tienes que hacer es elegir el material de marketing que m\u00e1s te convenga y podr\u00e1s promocionar el proveedor de alojamiento de archivos tanto como puedas.<\/p>\n\n<figure class=\"wp-block-image size-large\"><img loading=\"lazy\" decoding=\"async\" width=\"1024\" height=\"410\" src=\"https:\/\/spcdn.shortpixel.ai\/spio\/ret_img,q_cdnize,to_webp,s_webp\/ddownloadpremium.com\/wp-content\/uploads\/2025\/11\/ddownload-affiliate-1024x410.webp\" alt=\"\" class=\"wp-image-17\" srcset=\"https:\/\/spcdn.shortpixel.ai\/spio\/ret_img,q_cdnize,to_webp,s_webp\/ddownloadpremium.com\/wp-content\/uploads\/2025\/11\/ddownload-affiliate-1024x410.webp 1024w, https:\/\/spcdn.shortpixel.ai\/spio\/ret_img,q_cdnize,to_webp,s_webp\/ddownloadpremium.com\/wp-content\/uploads\/2025\/11\/ddownload-affiliate-300x120.webp 300w, https:\/\/spcdn.shortpixel.ai\/spio\/ret_img,q_cdnize,to_webp,s_webp\/ddownloadpremium.com\/wp-content\/uploads\/2025\/11\/ddownload-affiliate-768x307.webp 768w, https:\/\/spcdn.shortpixel.ai\/spio\/ret_img,q_cdnize,to_webp,s_webp\/ddownloadpremium.com\/wp-content\/uploads\/2025\/11\/ddownload-affiliate-1536x615.webp 1536w, https:\/\/spcdn.shortpixel.ai\/spio\/ret_img,q_cdnize,to_webp,s_webp\/ddownloadpremium.com\/wp-content\/uploads\/2025\/11\/ddownload-affiliate-2048x820.webp 2048w\" sizes=\"auto, (max-width: 1024px) 100vw, 1024px\" \/><\/figure>\n","protected":false},"excerpt":{"rendered":"<p>No se puede negar que el alojamiento web sigue creciendo en los \u00faltimos a\u00f1os, y no hay indicios de que vaya a detenerse pronto. Como cada vez son m\u00e1s las empresas que se dedican a esto, esto tambi\u00e9n hace que ser un proveedor de alojamiento de archivos afiliado sea muy lucrativo. No s\u00f3lo eso, las &#8230; <a title=\"Af\u00edliate a\" class=\"read-more\" href=\"https:\/\/ddownloadpremium.com\/es\/afiliate-a\/\" aria-label=\"Leer m\u00e1s sobre Af\u00edliate a\">Leer m\u00e1s<\/a><\/p>\n","protected":false},"author":1,"featured_media":0,"parent":0,"menu_order":0,"comment_status":"closed","ping_status":"closed","template":"","meta":{"footnotes":""},"class_list":["post-72","page","type-page","status-publish"],"_links":{"self":[{"href":"https:\/\/ddownloadpremium.com\/es\/wp-json\/wp\/v2\/pages\/72","targetHints":{"allow":["GET"]}}],"collection":[{"href":"https:\/\/ddownloadpremium.com\/es\/wp-json\/wp\/v2\/pages"}],"about":[{"href":"https:\/\/ddownloadpremium.com\/es\/wp-json\/wp\/v2\/types\/page"}],"author":[{"embeddable":true,"href":"https:\/\/ddownloadpremium.com\/es\/wp-json\/wp\/v2\/users\/1"}],"replies":[{"embeddable":true,"href":"https:\/\/ddownloadpremium.com\/es\/wp-json\/wp\/v2\/comments?post=72"}],"version-history":[{"count":0,"href":"https:\/\/ddownloadpremium.com\/es\/wp-json\/wp\/v2\/pages\/72\/revisions"}],"wp:attachment":[{"href":"https:\/\/ddownloadpremium.com\/es\/wp-json\/wp\/v2\/media?parent=72"}],"curies":[{"name":"wp","href":"https:\/\/api.w.org\/{rel}","templated":true}]}}