{"id":116,"date":"2025-11-27T08:21:28","date_gmt":"2025-11-27T08:21:28","guid":{"rendered":"https:\/\/ddownloadpremium.com\/faq\/"},"modified":"2026-01-09T07:45:32","modified_gmt":"2026-01-09T07:45:32","slug":"faq","status":"publish","type":"page","link":"https:\/\/ddownloadpremium.com\/fr\/faq\/","title":{"rendered":"FAQ"},"content":{"rendered":"\n<p>Si vous souhaitez obtenir Ddownload, voici quelques FAQ qui peuvent vous aider.<\/p>\n\n<p><strong>Proposez-vous un compte premium ?<\/strong><\/p>\n\n<p>Vous pouvez facilement acheter un compte premium sur leur page Premium.<\/p>\n\n<p><strong>Comment d\u00e9placer des fichiers d&rsquo;un dossier \u00e0 un autre ?<\/strong><\/p>\n\n<p>C&rsquo;est assez simple. Vous pouvez facilement faire glisser un fichier vers un autre dossier. Vous pouvez \u00e9galement s\u00e9lectionner plusieurs fichiers et les \u00e9diter pour choisir o\u00f9 vous voulez les d\u00e9placer.<\/p>\n\n<p><strong>Puis-je supprimer les fichiers ?<\/strong><\/p>\n\n<p>Si vous souhaitez supprimer les fichiers, vous \u00eates libre de le faire. Lors du t\u00e9l\u00e9chargement, vous recevrez le lien de suppression en m\u00eame temps que votre lien de t\u00e9l\u00e9chargement. Il est fortement conseill\u00e9 de les garder. Toutefois, si vous perdez accidentellement le lien, vous pouvez simplement attendre qu&rsquo;il expire ou envoyer un courriel au service client\u00e8le.<\/p>\n\n<p><strong>Quel est l&rsquo;avantage d&rsquo;un abonnement r\u00e9current ?<\/strong><\/p>\n\n<p>Tout d&rsquo;abord, avec un abonnement r\u00e9current, vous serez factur\u00e9 automatiquement apr\u00e8s l&rsquo;expiration de votre abonnement. Vous b\u00e9n\u00e9ficierez ainsi d&rsquo;un acc\u00e8s ininterrompu, puisque vous n&rsquo;aurez pas \u00e0 vous abonner chaque mois. Par ailleurs, si vous n&rsquo;aimez pas cette id\u00e9e, vous pouvez simplement l&rsquo;annuler sur votre profil.<br\/>Notez que les paiements r\u00e9currents ne sont valables que pour 30 jours et 90 jours. Cela signifie qu&rsquo;\u00e0 l&rsquo;expiration de votre p\u00e9riode d&rsquo;essai, vous serez automatiquement factur\u00e9 pour un abonnement de 30 jours.<br\/>Pour les abonnements premium qui durent 365 jours, il s&rsquo;agit d&rsquo;un paiement unique.  Cependant, si vous souhaitez annuler votre abonnement, vous pouvez facilement le faire, et vous pourrez toujours y acc\u00e9der jusqu&rsquo;\u00e0 la prochaine date de refacturation, mais apr\u00e8s cela, votre compte sera d\u00e9class\u00e9 en compte gratuit jusqu&rsquo;\u00e0 ce que vous payiez un nouvel abonnement.<\/p>\n\n<p><strong>Puis-je t\u00e9l\u00e9charger des fichiers gratuitement ?<\/strong><\/p>\n\n<p>Absolument. Vous pouvez facilement t\u00e9l\u00e9charger des fichiers gratuitement, qu&rsquo;il s&rsquo;agisse d&rsquo;un compte gratuit ou premium. Toutefois, l&rsquo;avantage de l&rsquo;abonnement premium est qu&rsquo;il n&rsquo;y a pas de limite de temps et que les t\u00e9l\u00e9chargements sont rapides. Ils peuvent \u00eatre stock\u00e9s pendant de plus longues p\u00e9riodes.<\/p>\n\n<p><strong>Quelles sont les options de paiement ?<\/strong><\/p>\n\n<p>Ddownload propose diff\u00e9rentes m\u00e9thodes de paiement, notamment bitcoin, EWallet, payza, skill, et bien d&rsquo;autres encore. Cela signifie que vous aurez la garantie que vos informations sont bien prot\u00e9g\u00e9es.<\/p>\n\n<p><strong>Que faire si vous ne vous souvenez plus de votre mot de passe ?<\/strong><\/p>\n\n<p>Si vous ne vous souvenez pas de votre mot de passe, vous pouvez facilement le restaurer en cliquant sur Mot de passe oubli\u00e9 et en saisissant votre adresse \u00e9lectronique. De l\u00e0, vous recevrez des instructions sur la mani\u00e8re de r\u00e9initialiser votre mot de passe.<br\/>Si vous ne le trouvez pas dans votre dossier principal, v\u00e9rifiez \u00e9galement le dossier SPAM, car il pourrait y avoir \u00e9t\u00e9 redirig\u00e9.<\/p>\n\n<p><strong>Combien de temps les fichiers seront-ils conserv\u00e9s sur le serveur ?<\/strong><\/p>\n\n<p>Vos fichiers seront stock\u00e9s pendant 90 jours apr\u00e8s le dernier t\u00e9l\u00e9chargement, \u00e9tant donn\u00e9 que vous \u00eates un membre premium. En revanche, si vous \u00eates un utilisateur enregistr\u00e9 sans statut premium, vos fichiers seront disponibles sur le serveur pendant 30 jours au maximum.<\/p>\n\n<p><strong>Quels sont les gestionnaires de t\u00e9l\u00e9chargement applicables ?<\/strong><\/p>\n\n<p>Vous pouvez utiliser plusieurs acc\u00e9l\u00e9rateurs, notamment Speedget, Internet Download Manager, Jdownloader, FlashGet et bien d&rsquo;autres.<\/p>\n\n<p><strong>Combien pouvez-vous t\u00e9l\u00e9charger avec un compte premium ?<\/strong><\/p>\n\n<p>Vous pouvez t\u00e9l\u00e9charger jusqu&rsquo;\u00e0 100 Go par jour, et apr\u00e8s le premier paiement, vous disposerez de 3000 Go par mois pour t\u00e9l\u00e9charger.<\/p>\n\n<div class=\"wp-block-buttons is-layout-flex wp-block-buttons-is-layout-flex\">\n<div class=\"wp-block-button\"><a class=\"wp-block-button__link wp-element-button\" href=\"\/go\">Aller \u00e0 Ddownload<\/a><\/div>\n<\/div>\n\n<p><\/p>\n","protected":false},"excerpt":{"rendered":"<p>Si vous souhaitez obtenir Ddownload, voici quelques FAQ qui peuvent vous aider. Proposez-vous un compte premium ? Vous pouvez facilement acheter un compte premium sur leur page Premium. Comment d\u00e9placer des fichiers d&rsquo;un dossier \u00e0 un autre ? C&rsquo;est assez simple. Vous pouvez facilement faire glisser un fichier vers un autre dossier. Vous pouvez \u00e9galement &#8230; <a title=\"FAQ\" class=\"read-more\" href=\"https:\/\/ddownloadpremium.com\/fr\/faq\/\" aria-label=\"En savoir plus sur FAQ\">Lire la suite<\/a><\/p>\n","protected":false},"author":1,"featured_media":0,"parent":0,"menu_order":0,"comment_status":"closed","ping_status":"closed","template":"","meta":{"footnotes":""},"class_list":["post-116","page","type-page","status-publish"],"_links":{"self":[{"href":"https:\/\/ddownloadpremium.com\/fr\/wp-json\/wp\/v2\/pages\/116","targetHints":{"allow":["GET"]}}],"collection":[{"href":"https:\/\/ddownloadpremium.com\/fr\/wp-json\/wp\/v2\/pages"}],"about":[{"href":"https:\/\/ddownloadpremium.com\/fr\/wp-json\/wp\/v2\/types\/page"}],"author":[{"embeddable":true,"href":"https:\/\/ddownloadpremium.com\/fr\/wp-json\/wp\/v2\/users\/1"}],"replies":[{"embeddable":true,"href":"https:\/\/ddownloadpremium.com\/fr\/wp-json\/wp\/v2\/comments?post=116"}],"version-history":[{"count":2,"href":"https:\/\/ddownloadpremium.com\/fr\/wp-json\/wp\/v2\/pages\/116\/revisions"}],"predecessor-version":[{"id":371,"href":"https:\/\/ddownloadpremium.com\/fr\/wp-json\/wp\/v2\/pages\/116\/revisions\/371"}],"wp:attachment":[{"href":"https:\/\/ddownloadpremium.com\/fr\/wp-json\/wp\/v2\/media?parent=116"}],"curies":[{"name":"wp","href":"https:\/\/api.w.org\/{rel}","templated":true}]}}