{"id":156,"date":"2025-11-27T11:22:33","date_gmt":"2025-11-27T11:22:33","guid":{"rendered":"https:\/\/ddownloadpremium.com\/affiliation\/"},"modified":"2025-11-27T12:09:16","modified_gmt":"2025-11-27T12:09:16","slug":"affiliation","status":"publish","type":"page","link":"https:\/\/ddownloadpremium.com\/fr\/affiliation\/","title":{"rendered":"Affiliation"},"content":{"rendered":"\n<p>Il est ind\u00e9niable que l&rsquo;h\u00e9bergement web n&rsquo;a cess\u00e9 de cro\u00eetre au cours des derni\u00e8res ann\u00e9es, et rien n&rsquo;indique que cela va s&rsquo;arr\u00eater de sit\u00f4t. Comme de plus en plus d&rsquo;entreprises se lancent dans cette activit\u00e9, le fait d&rsquo;\u00eatre affili\u00e9 \u00e0 un fournisseur d&rsquo;h\u00e9bergement de fichiers devient tr\u00e8s lucratif.<\/p>\n\n<p>En outre, des \u00e9tudes montrent que, ces derni\u00e8res ann\u00e9es, plus de 38 millions de personnes ont d\u00e9cid\u00e9 de cr\u00e9er un site web pour leur entreprise, ce qui signifie qu&rsquo;elles doivent rechercher un fournisseur d&rsquo;h\u00e9bergement de fichiers qui leur permette de sauvegarder leurs fichiers. Les choses sont devenues plus faciles car il y a beaucoup d&rsquo;entreprises qui offrent ce service, et l&rsquo;une d&rsquo;entre elles est DDownload. Dans cet article, nous allons discuter des avantages dont vous pouvez b\u00e9n\u00e9ficier en tant qu&rsquo;affili\u00e9 de DDownload. <\/p>\n\n<p><strong>Pourquoi vous devriez \u00eatre un affili\u00e9<\/strong><\/p>\n\n<p>Qui n&rsquo;a pas envie d&rsquo;avoir des choses gratuites ? Rien n&rsquo;est plus gratifiant que de pouvoir utiliser gratuitement le programme que vous aimez. En tant qu&rsquo;affili\u00e9, bien que vous ne puissiez toujours pas obtenir un compte DDownload premium gratuitement, l&rsquo;argent que vous allez gagner en promouvant leur site web est quelque chose que vous pouvez utiliser pour obtenir leur plan gratuitement, et vous pourrez toujours avoir d&rsquo;autres choses.<\/p>\n\n<p><strong>La possibilit\u00e9 de gagner de l&rsquo;argent gr\u00e2ce aux partenaires<\/strong><\/p>\n\n<p>En tant qu&rsquo;utilisateur d&rsquo;un compte premium DDownload, vous avez la possibilit\u00e9 de stocker vos fichiers pendant plus de 90 jours, ce qui signifie que vous gagnez \u00e9galement de l&rsquo;argent lorsqu&rsquo;un fichier est t\u00e9l\u00e9charg\u00e9. Pour chaque vente de fichiers premium, vous recevrez 50 % de la vente, ce qui est un montant assez d\u00e9cent. De plus, vous b\u00e9n\u00e9ficiez d&rsquo;autres avantages que vous d\u00e9couvrirez plus tard.   De plus, les liens qui sont faits vers le fichier peuvent \u00e9galement \u00eatre utilis\u00e9s comme lien r\u00e9f\u00e9ren\u00e7able, et cela apporterait aux nouveaux partenaires 10% de leur revenu, tandis qu&rsquo;un partenaire apport\u00e9 par un utilisateur pourrait \u00e9galement gagner 2% de sa vente.<\/p>\n\n<p>Comme indiqu\u00e9 pr\u00e9c\u00e9demment, le lien que vous recevrez est un lien de parrainage, et lorsque l&rsquo;utilisateur l&rsquo;utilisera pour t\u00e9l\u00e9charger un fichier sur le site web, il deviendra automatiquement le \u00ab\u00a0refill\u00a0\u00bb de l&rsquo;utilisateur. Cela implique seulement que vous pouvez gagner de l&rsquo;argent, tout en \u00e9tant capable d&rsquo;utiliser l&rsquo;outil en m\u00eame temps.<\/p>\n\n<p><strong>Des gains d&rsquo;argent illimit\u00e9s pour vous<\/strong><\/p>\n\n<p>Ce qui est formidable avec DDownload, c&rsquo;est qu&rsquo;il n&rsquo;y a pas de plafond pour vos revenus de commission d&rsquo;affiliation. Cela signifie que vous pouvez recommander autant de personnes que vous le pouvez et recevoir autant de commissions que vous pouvez en gagner. <\/p>\n\n<p>Ils int\u00e8grent \u00e9galement une technologie de pointe qui permet \u00e0 l&rsquo;utilisateur de suivre et de contr\u00f4ler facilement les gains qu&rsquo;il r\u00e9alise, ainsi que le nombre de parrainages r\u00e9ussis. Cela signifie que vous ne serez jamais laiss\u00e9 seul dans l&rsquo;ignorance de ce que vous faites avec le programme. <\/p>\n\n<p><strong>Le mat\u00e9riel de marketing est de premier ordre<\/strong><\/p>\n\n<p>Ils offrent une vari\u00e9t\u00e9 de banni\u00e8res attrayantes pr\u00eates \u00e0 l&#8217;emploi, d&rsquo;annonces textuelles, de liens par courriel, etc. qui vous aideront \u00e0 attirer davantage de visiteurs. Il vous suffit de choisir le mat\u00e9riel de marketing qui vous convient le mieux et vous serez en mesure de promouvoir le fournisseur d&rsquo;h\u00e9bergement de fichiers autant que possible.<\/p>\n\n<figure class=\"wp-block-image size-large\"><img loading=\"lazy\" decoding=\"async\" width=\"1024\" height=\"410\" src=\"https:\/\/spcdn.shortpixel.ai\/spio\/ret_img,q_cdnize,to_webp,s_webp\/ddownloadpremium.com\/wp-content\/uploads\/2025\/11\/ddownload-affiliate-1024x410.webp\" alt=\"\" class=\"wp-image-17\" srcset=\"https:\/\/spcdn.shortpixel.ai\/spio\/ret_img,q_cdnize,to_webp,s_webp\/ddownloadpremium.com\/wp-content\/uploads\/2025\/11\/ddownload-affiliate-1024x410.webp 1024w, https:\/\/spcdn.shortpixel.ai\/spio\/ret_img,q_cdnize,to_webp,s_webp\/ddownloadpremium.com\/wp-content\/uploads\/2025\/11\/ddownload-affiliate-300x120.webp 300w, https:\/\/spcdn.shortpixel.ai\/spio\/ret_img,q_cdnize,to_webp,s_webp\/ddownloadpremium.com\/wp-content\/uploads\/2025\/11\/ddownload-affiliate-768x307.webp 768w, https:\/\/spcdn.shortpixel.ai\/spio\/ret_img,q_cdnize,to_webp,s_webp\/ddownloadpremium.com\/wp-content\/uploads\/2025\/11\/ddownload-affiliate-1536x615.webp 1536w, https:\/\/spcdn.shortpixel.ai\/spio\/ret_img,q_cdnize,to_webp,s_webp\/ddownloadpremium.com\/wp-content\/uploads\/2025\/11\/ddownload-affiliate-2048x820.webp 2048w\" sizes=\"auto, (max-width: 1024px) 100vw, 1024px\" \/><\/figure>\n","protected":false},"excerpt":{"rendered":"<p>Il est ind\u00e9niable que l&rsquo;h\u00e9bergement web n&rsquo;a cess\u00e9 de cro\u00eetre au cours des derni\u00e8res ann\u00e9es, et rien n&rsquo;indique que cela va s&rsquo;arr\u00eater de sit\u00f4t. Comme de plus en plus d&rsquo;entreprises se lancent dans cette activit\u00e9, le fait d&rsquo;\u00eatre affili\u00e9 \u00e0 un fournisseur d&rsquo;h\u00e9bergement de fichiers devient tr\u00e8s lucratif. En outre, des \u00e9tudes montrent que, ces &#8230; <a title=\"Affiliation\" class=\"read-more\" href=\"https:\/\/ddownloadpremium.com\/fr\/affiliation\/\" aria-label=\"En savoir plus sur Affiliation\">Lire la suite<\/a><\/p>\n","protected":false},"author":1,"featured_media":0,"parent":0,"menu_order":0,"comment_status":"closed","ping_status":"closed","template":"","meta":{"footnotes":""},"class_list":["post-156","page","type-page","status-publish"],"_links":{"self":[{"href":"https:\/\/ddownloadpremium.com\/fr\/wp-json\/wp\/v2\/pages\/156","targetHints":{"allow":["GET"]}}],"collection":[{"href":"https:\/\/ddownloadpremium.com\/fr\/wp-json\/wp\/v2\/pages"}],"about":[{"href":"https:\/\/ddownloadpremium.com\/fr\/wp-json\/wp\/v2\/types\/page"}],"author":[{"embeddable":true,"href":"https:\/\/ddownloadpremium.com\/fr\/wp-json\/wp\/v2\/users\/1"}],"replies":[{"embeddable":true,"href":"https:\/\/ddownloadpremium.com\/fr\/wp-json\/wp\/v2\/comments?post=156"}],"version-history":[{"count":0,"href":"https:\/\/ddownloadpremium.com\/fr\/wp-json\/wp\/v2\/pages\/156\/revisions"}],"wp:attachment":[{"href":"https:\/\/ddownloadpremium.com\/fr\/wp-json\/wp\/v2\/media?parent=156"}],"curies":[{"name":"wp","href":"https:\/\/api.w.org\/{rel}","templated":true}]}}