{"id":166,"date":"2025-11-27T11:26:25","date_gmt":"2025-11-27T11:26:25","guid":{"rendered":"https:\/\/ddownloadpremium.com\/conditions-dutilisation\/"},"modified":"2025-11-27T12:09:16","modified_gmt":"2025-11-27T12:09:16","slug":"conditions-dutilisation","status":"publish","type":"page","link":"https:\/\/ddownloadpremium.com\/fr\/conditions-dutilisation\/","title":{"rendered":"Conditions d&rsquo;utilisation"},"content":{"rendered":"\n<p>Ce site web contient des liens vers d&rsquo;autres sites web appartenant \u00e0 d&rsquo;autres soci\u00e9t\u00e9s.<br\/>Lorsque vous visitez ces sites, vous devez respecter leurs r\u00e8gles. Nous ne les contr\u00f4lons pas et ne sommes pas responsables de leur contenu. L&rsquo;inclusion d&rsquo;un lien ou d&rsquo;un contenu provenant d&rsquo;un autre site ne signifie pas que nous le garantissons ou l&rsquo;approuvons.  <\/p>\n\n<p>Nous ne vendons ni ne conc\u00e9dons de licence pour aucun des produits ou services dont nous parlons, que nous listons ou que nous pr\u00e9sentons ici. Nous ne sommes en aucun cas responsables de ces produits ou services. Toute communication ou affaire que vous avez avec des tiers &#8211; comme les paiements ou les livraisons &#8211; est strictement entre vous et eux.<br\/>Nous ne sommes pas responsables de toute perte ou dommage r\u00e9sultant de ces transactions. Si vous avez des questions ou des probl\u00e8mes concernant un produit ou un service, contactez directement le vendeur.   <\/p>\n\n<p>Ce site<a href=\"https:\/\/ddownloadpremium.com\/fr\/\" target=\"_blank\" rel=\"noreferrer noopener\">(https:\/\/ddownloadpremium.com)<\/a> vise uniquement \u00e0 partager des informations sur les services offerts par DDownload.<\/p>\n\n<p><\/p>\n","protected":false},"excerpt":{"rendered":"<p>Ce site web contient des liens vers d&rsquo;autres sites web appartenant \u00e0 d&rsquo;autres soci\u00e9t\u00e9s.Lorsque vous visitez ces sites, vous devez respecter leurs r\u00e8gles. Nous ne les contr\u00f4lons pas et ne sommes pas responsables de leur contenu. L&rsquo;inclusion d&rsquo;un lien ou d&rsquo;un contenu provenant d&rsquo;un autre site ne signifie pas que nous le garantissons ou l&rsquo;approuvons. &#8230; <a title=\"Conditions d&rsquo;utilisation\" class=\"read-more\" href=\"https:\/\/ddownloadpremium.com\/fr\/conditions-dutilisation\/\" aria-label=\"En savoir plus sur Conditions d&rsquo;utilisation\">Lire la suite<\/a><\/p>\n","protected":false},"author":1,"featured_media":0,"parent":0,"menu_order":0,"comment_status":"closed","ping_status":"closed","template":"","meta":{"footnotes":""},"class_list":["post-166","page","type-page","status-publish"],"_links":{"self":[{"href":"https:\/\/ddownloadpremium.com\/fr\/wp-json\/wp\/v2\/pages\/166","targetHints":{"allow":["GET"]}}],"collection":[{"href":"https:\/\/ddownloadpremium.com\/fr\/wp-json\/wp\/v2\/pages"}],"about":[{"href":"https:\/\/ddownloadpremium.com\/fr\/wp-json\/wp\/v2\/types\/page"}],"author":[{"embeddable":true,"href":"https:\/\/ddownloadpremium.com\/fr\/wp-json\/wp\/v2\/users\/1"}],"replies":[{"embeddable":true,"href":"https:\/\/ddownloadpremium.com\/fr\/wp-json\/wp\/v2\/comments?post=166"}],"version-history":[{"count":0,"href":"https:\/\/ddownloadpremium.com\/fr\/wp-json\/wp\/v2\/pages\/166\/revisions"}],"wp:attachment":[{"href":"https:\/\/ddownloadpremium.com\/fr\/wp-json\/wp\/v2\/media?parent=166"}],"curies":[{"name":"wp","href":"https:\/\/api.w.org\/{rel}","templated":true}]}}